{"id":14,"date":"2025-10-21T20:59:42","date_gmt":"2025-10-21T20:59:42","guid":{"rendered":"http:\/\/leblogtech.romain-s.fr\/?page_id=14"},"modified":"2026-02-03T22:49:11","modified_gmt":"2026-02-03T21:49:11","slug":"accueil","status":"publish","type":"page","link":"https:\/\/leblogtech.romain-s.fr\/","title":{"rendered":"Accueil"},"content":{"rendered":"\n<header class=\"wp-block-uagb-advanced-heading uagb-block-e7e2c60d\"><h1 class=\"uagb-heading-text\">Veille Technologique Multi-domaine<\/h1><\/header>\n\n\n\n<div data-aos= \"fade-down\" data-aos-duration=\"400\" data-aos-delay=\"0\" data-aos-easing=\"ease\" data-aos-once=\"true\" class=\"wp-block-uagb-separator uagb-block-9b2e8cc4\"><div class=\"uagb-separator-spacing-wrapper\"><div class=\"wp-block-uagb-separator__inner\" style=\"--my-background-image:\"><\/div><\/div><\/div>\n\n\n\n<div class=\"wp-block-uagb-container uagb-layout-flex uagb-block-2104ca0d alignfull uagb-is-root-container\"><div class=\"uagb-container-inner-blocks-wrap\">\t\t\t\t<div data-aos= \"fade-down\" data-aos-duration=\"400\" data-aos-delay=\"0\" data-aos-easing=\"ease\" data-aos-once=\"true\" class = \"wp-block-uagb-taxonomy-list uagb-taxonomy__outer-wrap uagb-layout-grid uagb-block-01265816    \" style=\"\">\n\t\t\t\t\t\t\t\t\t\t\t\t\n\t\t\t\t\t\t<div class=\"uagb-taxomony-box\">\n\t\t\t\t\t\t\t<a class=\"uagb-tax-link\" href= \"https:\/\/leblogtech.romain-s.fr\/index.php\/category\/cybersecurite\/\">\n\t\t\t\t\t\t\t\t<h3 class=\"uagb-tax-title\">Cybers\u00e9curit\u00e9\t\t\t\t\t\t\t\t<\/h3>\n\t\t\t\t\t\t\t\t\t\t\t\t\t\t\t<\/a>\n\t\t\t\t\t\t<\/div>\n\t\t\t\t\t\t\t\n\t\t\t\t\t\t<div class=\"uagb-taxomony-box\">\n\t\t\t\t\t\t\t<a class=\"uagb-tax-link\" href= \"https:\/\/leblogtech.romain-s.fr\/index.php\/category\/devops\/\">\n\t\t\t\t\t\t\t\t<h3 class=\"uagb-tax-title\">DevOps\t\t\t\t\t\t\t\t<\/h3>\n\t\t\t\t\t\t\t\t\t\t\t\t\t\t\t<\/a>\n\t\t\t\t\t\t<\/div>\n\t\t\t\t\t\t\t\n\t\t\t\t\t\t<div class=\"uagb-taxomony-box\">\n\t\t\t\t\t\t\t<a class=\"uagb-tax-link\" href= \"https:\/\/leblogtech.romain-s.fr\/index.php\/category\/ia\/\">\n\t\t\t\t\t\t\t\t<h3 class=\"uagb-tax-title\">IA\t\t\t\t\t\t\t\t<\/h3>\n\t\t\t\t\t\t\t\t\t\t\t\t\t\t\t<\/a>\n\t\t\t\t\t\t<\/div>\n\t\t\t\t\t\t\t\n\t\t\t\t\t\t<div class=\"uagb-taxomony-box\">\n\t\t\t\t\t\t\t<a class=\"uagb-tax-link\" href= \"https:\/\/leblogtech.romain-s.fr\/index.php\/category\/impression-3d\/\">\n\t\t\t\t\t\t\t\t<h3 class=\"uagb-tax-title\">Impression 3D\t\t\t\t\t\t\t\t<\/h3>\n\t\t\t\t\t\t\t\t\t\t\t\t\t\t\t<\/a>\n\t\t\t\t\t\t<\/div>\n\t\t\t\t\t\t\t\n\t\t\t\t\t\t<div class=\"uagb-taxomony-box\">\n\t\t\t\t\t\t\t<a class=\"uagb-tax-link\" href= \"https:\/\/leblogtech.romain-s.fr\/index.php\/category\/iot\/\">\n\t\t\t\t\t\t\t\t<h3 class=\"uagb-tax-title\">IoT (Internet of Things)\t\t\t\t\t\t\t\t<\/h3>\n\t\t\t\t\t\t\t\t\t\t\t\t\t\t\t<\/a>\n\t\t\t\t\t\t<\/div>\n\t\t\t\t\t\t\t\n\t\t\t\t\t\t<div class=\"uagb-taxomony-box\">\n\t\t\t\t\t\t\t<a class=\"uagb-tax-link\" href= \"https:\/\/leblogtech.romain-s.fr\/index.php\/category\/quantique\/\">\n\t\t\t\t\t\t\t\t<h3 class=\"uagb-tax-title\">Physique quantique\t\t\t\t\t\t\t\t<\/h3>\n\t\t\t\t\t\t\t\t\t\t\t\t\t\t\t<\/a>\n\t\t\t\t\t\t<\/div>\n\t\t\t\t\t\t\t\n\t\t\t\t\t\t<div class=\"uagb-taxomony-box\">\n\t\t\t\t\t\t\t<a class=\"uagb-tax-link\" href= \"https:\/\/leblogtech.romain-s.fr\/index.php\/category\/reseau\/\">\n\t\t\t\t\t\t\t\t<h3 class=\"uagb-tax-title\">R\u00e9seau\t\t\t\t\t\t\t\t<\/h3>\n\t\t\t\t\t\t\t\t\t\t\t\t\t\t\t<\/a>\n\t\t\t\t\t\t<\/div>\n\t\t\t\t\t\t\t\n\t\t\t\t\t\t<div class=\"uagb-taxomony-box\">\n\t\t\t\t\t\t\t<a class=\"uagb-tax-link\" href= \"https:\/\/leblogtech.romain-s.fr\/index.php\/category\/systeme\/\">\n\t\t\t\t\t\t\t\t<h3 class=\"uagb-tax-title\">Syst\u00e8me\t\t\t\t\t\t\t\t<\/h3>\n\t\t\t\t\t\t\t\t\t\t\t\t\t\t\t<\/a>\n\t\t\t\t\t\t<\/div>\n\t\t\t\t\t\t\t\t\t\t\t\t\t\t\t\t\t\t\t\t\t\t\t<\/div>\n\n\t\t\t<\/div><\/div>\n\n\n\n<div data-aos= \"fade-right\" data-aos-duration=\"400\" data-aos-delay=\"0\" data-aos-easing=\"ease\" data-aos-once=\"true\" class=\"wp-block-uagb-container uagb-layout-flex uagb-block-3fa2939d alignwide uagb-is-root-container\">\n<div class=\"wp-block-uagb-container uagb-block-23c9fd97\">\n<figure class=\"wp-block-image size-full has-custom-border\"><img loading=\"lazy\" decoding=\"async\" width=\"800\" height=\"449\" src=\"https:\/\/leblogtech.romain-s.fr\/wp-content\/uploads\/2025\/11\/infogif-e1763505806644.gif\" alt=\"\" class=\"wp-image-132\" style=\"border-style:none;border-width:0px;border-radius:30px\"\/><\/figure>\n<\/div>\n\n\n\n<div class=\"wp-block-uagb-container uagb-block-c3bf5365\">\n<main class=\"wp-block-uagb-info-box uagb-block-e50be2f3 uagb-infobox__content-wrap  uagb-infobox-icon-above-title uagb-infobox-image-valign-middle\"><div class=\"uagb-ifb-content\"><div class=\"uagb-ifb-icon-wrap\"><svg xmlns=\"https:\/\/www.w3.org\/2000\/svg\" viewBox=\"0 0 320 512\"><path d=\"M204.3 32.01H96c-52.94 0-96 43.06-96 96c0 17.67 14.31 31.1 32 31.1s32-14.32 32-31.1c0-17.64 14.34-32 32-32h108.3C232.8 96.01 256 119.2 256 147.8c0 19.72-10.97 37.47-30.5 47.33L127.8 252.4C117.1 258.2 112 268.7 112 280v40c0 17.67 14.31 31.99 32 31.99s32-14.32 32-31.99V298.3L256 251.3c39.47-19.75 64-59.42 64-103.5C320 83.95 268.1 32.01 204.3 32.01zM144 400c-22.09 0-40 17.91-40 40s17.91 39.1 40 39.1s40-17.9 40-39.1S166.1 400 144 400z\"><\/path><\/svg><\/div><div class=\"uagb-ifb-title-wrap\"><h3 class=\"uagb-ifb-title\"><strong>Quelles informations trouverez-vous ici ?<\/strong><\/h3><\/div><p class=\"uagb-ifb-desc\">Ici de la veille technologique couvrant l\u2019ensemble des secteurs : cybers\u00e9curit\u00e9, d\u00e9veloppement, infrastructures, \u00e9lectronique, syst\u00e8mes embarqu\u00e9s, innovation scientifique et plus encore.<\/p><\/div><\/main>\n<\/div>\n<\/div>\n\n\n\n<div data-aos= \"fade-right\" data-aos-duration=\"400\" data-aos-delay=\"0\" data-aos-easing=\"ease\" data-aos-once=\"true\" class=\"wp-block-uagb-container uagb-layout-flex uagb-block-2fc98bdd alignwide uagb-is-root-container\">\n<div class=\"wp-block-uagb-container uagb-block-c5c8524a\">\n<div class=\"wp-block-uagb-advanced-heading uagb-block-7a171b98\"><h2 class=\"uagb-heading-text\">Pourquoi je fais ce blog ?<\/h2><div class=\"uagb-separator\"><\/div><\/div>\n\n\n\n<p class=\"has-text-align-center\">Ce blog a \u00e9t\u00e9 cr\u00e9\u00e9 pour centraliser, organiser et partager ma veille technologique.<br>Il me permet de suivre l\u2019\u00e9volution des technologies, de mieux comprendre les enjeux num\u00e9riques actuels et de documenter mes d\u00e9couvertes.<\/p>\n<\/div>\n\n\n\n<div class=\"wp-block-uagb-container uagb-block-1c269d87\">\n<figure class=\"wp-block-image size-full has-custom-border\"><img loading=\"lazy\" decoding=\"async\" width=\"800\" height=\"600\" src=\"https:\/\/leblogtech.romain-s.fr\/wp-content\/uploads\/2025\/11\/hacker.gif\" alt=\"\" class=\"wp-image-101\" style=\"border-style:none;border-width:0px;border-radius:30px\"\/><\/figure>\n<\/div>\n<\/div>\n\n\n\n<div data-aos= \"fade-right\" data-aos-duration=\"400\" data-aos-delay=\"0\" data-aos-easing=\"ease\" data-aos-once=\"true\" class=\"wp-block-uagb-container uagb-layout-flex uagb-block-cd2169da alignwide uagb-is-root-container\">\n<div class=\"wp-block-uagb-container uagb-block-bd11fc75\">\n<div class=\"wp-block-uagb-image aligncenter uagb-block-5802dc06 wp-block-uagb-image--layout-default wp-block-uagb-image--effect-static wp-block-uagb-image--align-center\"><figure class=\"wp-block-uagb-image__figure\"><img decoding=\"async\" srcset=\"https:\/\/leblogtech.romain-s.fr\/wp-content\/uploads\/2025\/11\/gifvieu.gif ,https:\/\/leblogtech.romain-s.fr\/wp-content\/uploads\/2025\/11\/gifvieu.gif 780w, https:\/\/leblogtech.romain-s.fr\/wp-content\/uploads\/2025\/11\/gifvieu.gif 360w\" sizes=\"auto, (max-width: 480px) 150px\" src=\"https:\/\/leblogtech.romain-s.fr\/wp-content\/uploads\/2025\/11\/gifvieu.gif\" alt=\"\" class=\"uag-image-139\" width=\"402\" height=\"300\" title=\"gifvieu\" loading=\"lazy\" role=\"img\"\/><\/figure><\/div>\n<\/div>\n\n\n\n<div class=\"wp-block-uagb-container uagb-block-3139800f\">\n<div class=\"wp-block-uagb-info-box uagb-block-499b1128 uagb-infobox__content-wrap  uagb-infobox-icon-above-title uagb-infobox-image-valign-top\"><div class=\"uagb-ifb-content\"><div class=\"uagb-ifb-icon-wrap\"><svg xmlns=\"https:\/\/www.w3.org\/2000\/svg\" viewBox=\"0 0 640 512\"><path d=\"M592 0h-384C181.5 0 160 22.25 160 49.63V96c23.42 0 45.1 6.781 63.1 17.81V64h352v288h-64V304c0-8.838-7.164-16-16-16h-96c-8.836 0-16 7.162-16 16V352H287.3c22.07 16.48 39.54 38.5 50.76 64h253.9C618.5 416 640 393.8 640 366.4V49.63C640 22.25 618.5 0 592 0zM160 320c53.02 0 96-42.98 96-96c0-53.02-42.98-96-96-96C106.1 128 64 170.1 64 224C64 277 106.1 320 160 320zM192 352H128c-70.69 0-128 57.31-128 128c0 17.67 14.33 32 32 32h256c17.67 0 32-14.33 32-32C320 409.3 262.7 352 192 352z\"><\/path><\/svg><\/div><div class=\"uagb-ifb-title-wrap\"><h3 class=\"uagb-ifb-title\">\u00c0 qui s\u2019adresse ce blog ?<\/h3><\/div><p class=\"uagb-ifb-desc\">Ce blog s\u2019adresse \u00e0 toute personne int\u00e9ress\u00e9e par les technologies modernes : \u00e9tudiants, passionn\u00e9s, professionnels de l\u2019IT ou curieux souhaitant suivre l\u2019\u00e9volution rapide du num\u00e9rique.<br>L\u2019objectif est de proposer une veille claire, synth\u00e9tique et utile, quel que soit votre niveau.<\/p><\/div><\/div>\n<\/div>\n<\/div>\n\n\n\n\t\t\t<div class=\"wp-block-uagb-post-grid uagb-post-grid  uagb-post__image-position-top uagb-post__image-enabled uagb-block-fab46dc5     uagb-post__items uagb-post__columns-3 is-grid uagb-post__columns-tablet-2 uagb-post__columns-mobile-1 uagb-post__equal-height\" data-total=\"1\" style=\"\">\n\n\t\t\t\t\t\t\t\t\t\t\t\t<article class=\"uagb-post__inner-wrap\">\t\t\t\t\t\t\t\t<h4 class=\"uagb-post__title uagb-post__text\">\n\t\t\t\t<a href=\"https:\/\/leblogtech.romain-s.fr\/index.php\/2026\/03\/22\/docker-comprendre-les-conteneurs\/\" target=\"_self\" rel=\"bookmark noopener noreferrer\">Docker : comprendre les conteneurs<\/a>\n\t\t\t<\/h4>\n\t\t\t\t\t\t<div class='uagb-post__text uagb-post-grid-byline'>\n\t\t\t\t\t\t\t\t<time datetime=\"2026-03-22T08:15:00+01:00\" class=\"uagb-post__date\">\n\t\t\t\t<span class=\"dashicons-calendar dashicons\"><\/span>\t\t\t\t\t22\/03\/2026\t\t\t\t<\/time>\n\t\t\t\t\t\t\t<span class=\"uagb-post__comment\">\n\t\t\t\t<span class=\"dashicons-admin-comments dashicons\"><\/span>\t\t\t\t\tAucun commentaire\t\t\t\t<\/span>\n\t\t\t\t\t\t<\/div>\n\t\t\t\t\t\t\t<div class='uagb-post__text uagb-post__excerpt'>\n\t\t\t\t\t<p>Cr\u00e9\u00e9 en 2013, Docker s&rsquo;est rapidement impos\u00e9 comme la r\u00e9f\u00e9rence pour l&#8217;empaquetage et la distribution&#8230;\t\t\t\t<\/div>\n\t\t\t\t\t\t<div class=\"uagb-post__text uagb-post__cta wp-block-button\">\n\t\t\t\t<a class=\"wp-block-button__link uagb-text-link\" style=\"\" href=\"https:\/\/leblogtech.romain-s.fr\/index.php\/2026\/03\/22\/docker-comprendre-les-conteneurs\/\" target=\"_self\" rel=\"bookmark noopener noreferrer\">Lire la suite<\/a>\n\t\t\t<\/div>\n\t\t\t\n\t\t\t\t\t\t\t\t\t<\/article>\n\t\t\t\t\t\t\t\t\t\t\t\t\t\t\t\t<article class=\"uagb-post__inner-wrap\">\t\t\t\t\t\t\t\t<div class='uagb-post__image'>\n\t\t\t\t\t\t\t\t\t<a href=\"https:\/\/leblogtech.romain-s.fr\/index.php\/2026\/03\/09\/devops-comprendre-la-revolution-qui-unit-developpement-et-operations\/\" target=\"_self\" rel=\"bookmark noopener noreferrer\" class='uagb-image-ratio-inherit'><img loading=\"lazy\" decoding=\"async\" width=\"1000\" height=\"500\" src=\"https:\/\/leblogtech.romain-s.fr\/wp-content\/uploads\/2026\/03\/devops.gif\" class=\"attachment-large size-large\" alt=\"\" \/>\t\t\t\t\t<\/a>\n\t\t\t\t\t\t\t<\/div>\n\t\t\t\t\t\t<h4 class=\"uagb-post__title uagb-post__text\">\n\t\t\t\t<a href=\"https:\/\/leblogtech.romain-s.fr\/index.php\/2026\/03\/09\/devops-comprendre-la-revolution-qui-unit-developpement-et-operations\/\" target=\"_self\" rel=\"bookmark noopener noreferrer\">DevOps : Comprendre la r\u00e9volution qui unit d\u00e9veloppement et op\u00e9rations<\/a>\n\t\t\t<\/h4>\n\t\t\t\t\t\t<div class='uagb-post__text uagb-post-grid-byline'>\n\t\t\t\t\t\t\t\t<time datetime=\"2026-03-09T23:14:59+01:00\" class=\"uagb-post__date\">\n\t\t\t\t<span class=\"dashicons-calendar dashicons\"><\/span>\t\t\t\t\t09\/03\/2026\t\t\t\t<\/time>\n\t\t\t\t\t\t\t<span class=\"uagb-post__comment\">\n\t\t\t\t<span class=\"dashicons-admin-comments dashicons\"><\/span>\t\t\t\t\tAucun commentaire\t\t\t\t<\/span>\n\t\t\t\t\t\t<\/div>\n\t\t\t\t\t\t\t<div class='uagb-post__text uagb-post__excerpt'>\n\t\t\t\t\t<p>Dans le monde de la tech, le DevOps n&rsquo;est pas qu&rsquo;une simple m\u00e9thode de travail&#8230;\t\t\t\t<\/div>\n\t\t\t\t\t\t<div class=\"uagb-post__text uagb-post__cta wp-block-button\">\n\t\t\t\t<a class=\"wp-block-button__link uagb-text-link\" style=\"\" href=\"https:\/\/leblogtech.romain-s.fr\/index.php\/2026\/03\/09\/devops-comprendre-la-revolution-qui-unit-developpement-et-operations\/\" target=\"_self\" rel=\"bookmark noopener noreferrer\">Lire la suite<\/a>\n\t\t\t<\/div>\n\t\t\t\n\t\t\t\t\t\t\t\t\t<\/article>\n\t\t\t\t\t\t\t\t\t\t\t\t\t\t\t\t<article class=\"uagb-post__inner-wrap\">\t\t\t\t\t\t\t\t<div class='uagb-post__image'>\n\t\t\t\t\t\t\t\t\t<a href=\"https:\/\/leblogtech.romain-s.fr\/index.php\/2026\/02\/04\/introduction-a-la-cybersecurite\/\" target=\"_self\" rel=\"bookmark noopener noreferrer\" class='uagb-image-ratio-inherit'><img loading=\"lazy\" decoding=\"async\" width=\"800\" height=\"600\" src=\"https:\/\/leblogtech.romain-s.fr\/wp-content\/uploads\/2025\/12\/cyb.gif\" class=\"attachment-large size-large\" alt=\"\" \/>\t\t\t\t\t<\/a>\n\t\t\t\t\t\t\t<\/div>\n\t\t\t\t\t\t<h4 class=\"uagb-post__title uagb-post__text\">\n\t\t\t\t<a href=\"https:\/\/leblogtech.romain-s.fr\/index.php\/2026\/02\/04\/introduction-a-la-cybersecurite\/\" target=\"_self\" rel=\"bookmark noopener noreferrer\">Introduction \u00e0 la Cybers\u00e9curit\u00e9<\/a>\n\t\t\t<\/h4>\n\t\t\t\t\t\t<div class='uagb-post__text uagb-post-grid-byline'>\n\t\t\t\t\t\t\t\t<time datetime=\"2026-02-04T22:42:28+01:00\" class=\"uagb-post__date\">\n\t\t\t\t<span class=\"dashicons-calendar dashicons\"><\/span>\t\t\t\t\t04\/02\/2026\t\t\t\t<\/time>\n\t\t\t\t\t\t\t<span class=\"uagb-post__comment\">\n\t\t\t\t<span class=\"dashicons-admin-comments dashicons\"><\/span>\t\t\t\t\tAucun commentaire\t\t\t\t<\/span>\n\t\t\t\t\t\t<\/div>\n\t\t\t\t\t\t\t<div class='uagb-post__text uagb-post__excerpt'>\n\t\t\t\t\t<p>La Cybers\u00e9curit\u00e9 : Origines, D\u00e9finitions et Enjeux Actuellement le terme \u00ab\u00a0cybers\u00e9curit\u00e9\u00a0\u00bb est tr\u00e8s utilis\u00e9, des&#8230;\t\t\t\t<\/div>\n\t\t\t\t\t\t<div class=\"uagb-post__text uagb-post__cta wp-block-button\">\n\t\t\t\t<a class=\"wp-block-button__link uagb-text-link\" style=\"\" href=\"https:\/\/leblogtech.romain-s.fr\/index.php\/2026\/02\/04\/introduction-a-la-cybersecurite\/\" target=\"_self\" rel=\"bookmark noopener noreferrer\">Lire la suite<\/a>\n\t\t\t<\/div>\n\t\t\t\n\t\t\t\t\t\t\t\t\t<\/article>\n\t\t\t\t\t\t\t\t\t\t\t<\/div>\n\t\t\t\n\n\n<p><\/p>\n","protected":false},"excerpt":{"rendered":"<p>Veille Technologique Multi-domaine Pourquoi je fais ce blog ? Ce blog a \u00e9t\u00e9 cr\u00e9\u00e9 pour centraliser, organiser et partager ma [&hellip;]<\/p>\n","protected":false},"author":1,"featured_media":0,"parent":0,"menu_order":0,"comment_status":"closed","ping_status":"closed","template":"","meta":{"_uag_custom_page_level_css":"","site-sidebar-layout":"no-sidebar","site-content-layout":"plain-container","ast-site-content-layout":"default","site-content-style":"default","site-sidebar-style":"default","ast-global-header-display":"","ast-banner-title-visibility":"","ast-main-header-display":"","ast-hfb-above-header-display":"","ast-hfb-below-header-display":"","ast-hfb-mobile-header-display":"","site-post-title":"disabled","ast-breadcrumbs-content":"","ast-featured-img":"","footer-sml-layout":"","ast-disable-related-posts":"","theme-transparent-header-meta":"enabled","adv-header-id-meta":"","stick-header-meta":"","header-above-stick-meta":"","header-main-stick-meta":"","header-below-stick-meta":"","astra-migrate-meta-layouts":"default","ast-page-background-enabled":"default","ast-page-background-meta":{"desktop":{"background-color":"var(--ast-global-color-5)","background-image":"","background-repeat":"repeat","background-position":"center center","background-size":"auto","background-attachment":"scroll","background-type":"","background-media":"","overlay-type":"","overlay-color":"","overlay-opacity":"","overlay-gradient":""},"tablet":{"background-color":"","background-image":"","background-repeat":"repeat","background-position":"center center","background-size":"auto","background-attachment":"scroll","background-type":"","background-media":"","overlay-type":"","overlay-color":"","overlay-opacity":"","overlay-gradient":""},"mobile":{"background-color":"","background-image":"","background-repeat":"repeat","background-position":"center center","background-size":"auto","background-attachment":"scroll","background-type":"","background-media":"","overlay-type":"","overlay-color":"","overlay-opacity":"","overlay-gradient":""}},"ast-content-background-meta":{"desktop":{"background-color":"var(--ast-global-color-4)","background-image":"","background-repeat":"repeat","background-position":"center center","background-size":"auto","background-attachment":"scroll","background-type":"","background-media":"","overlay-type":"","overlay-color":"","overlay-opacity":"","overlay-gradient":""},"tablet":{"background-color":"var(--ast-global-color-4)","background-image":"","background-repeat":"repeat","background-position":"center center","background-size":"auto","background-attachment":"scroll","background-type":"","background-media":"","overlay-type":"","overlay-color":"","overlay-opacity":"","overlay-gradient":""},"mobile":{"background-color":"var(--ast-global-color-4)","background-image":"","background-repeat":"repeat","background-position":"center center","background-size":"auto","background-attachment":"scroll","background-type":"","background-media":"","overlay-type":"","overlay-color":"","overlay-opacity":"","overlay-gradient":""}},"footnotes":""},"class_list":["post-14","page","type-page","status-publish","hentry"],"uagb_featured_image_src":{"full":false,"thumbnail":false,"medium":false,"medium_large":false,"large":false,"1536x1536":false,"2048x2048":false},"uagb_author_info":{"display_name":"adminRO","author_link":"https:\/\/leblogtech.romain-s.fr\/index.php\/author\/adminro\/"},"uagb_comment_info":0,"uagb_excerpt":"Veille Technologique Multi-domaine Pourquoi je fais ce blog ? Ce blog a \u00e9t\u00e9 cr\u00e9\u00e9 pour centraliser, organiser et partager ma [&hellip;]","_links":{"self":[{"href":"https:\/\/leblogtech.romain-s.fr\/index.php\/wp-json\/wp\/v2\/pages\/14","targetHints":{"allow":["GET"]}}],"collection":[{"href":"https:\/\/leblogtech.romain-s.fr\/index.php\/wp-json\/wp\/v2\/pages"}],"about":[{"href":"https:\/\/leblogtech.romain-s.fr\/index.php\/wp-json\/wp\/v2\/types\/page"}],"author":[{"embeddable":true,"href":"https:\/\/leblogtech.romain-s.fr\/index.php\/wp-json\/wp\/v2\/users\/1"}],"replies":[{"embeddable":true,"href":"https:\/\/leblogtech.romain-s.fr\/index.php\/wp-json\/wp\/v2\/comments?post=14"}],"version-history":[{"count":31,"href":"https:\/\/leblogtech.romain-s.fr\/index.php\/wp-json\/wp\/v2\/pages\/14\/revisions"}],"predecessor-version":[{"id":247,"href":"https:\/\/leblogtech.romain-s.fr\/index.php\/wp-json\/wp\/v2\/pages\/14\/revisions\/247"}],"wp:attachment":[{"href":"https:\/\/leblogtech.romain-s.fr\/index.php\/wp-json\/wp\/v2\/media?parent=14"}],"curies":[{"name":"wp","href":"https:\/\/api.w.org\/{rel}","templated":true}]}}